{"id":109,"date":"2018-05-17T16:40:13","date_gmt":"2018-05-17T14:40:13","guid":{"rendered":"http:\/\/www.yegroup.be\/?page_id=109"},"modified":"2025-02-11T12:19:10","modified_gmt":"2025-02-11T11:19:10","slug":"equi-coaching","status":"publish","type":"page","link":"https:\/\/www.yegroup.be\/index.php\/equi-coaching\/","title":{"rendered":"Equi-Coaching"},"content":{"rendered":"\t\t<div data-elementor-type=\"wp-post\" data-elementor-id=\"109\" class=\"elementor elementor-109\">\n\t\t\t\t\t\t<section class=\"elementor-section elementor-top-section elementor-element elementor-element-fc51944 elementor-section-boxed elementor-section-height-default elementor-section-height-default\" data-id=\"fc51944\" data-element_type=\"section\">\n\t\t\t\t\t\t<div class=\"elementor-container elementor-column-gap-default\">\n\t\t\t\t\t<div class=\"elementor-column elementor-col-100 elementor-top-column elementor-element elementor-element-25473bd\" data-id=\"25473bd\" data-element_type=\"column\">\n\t\t\t<div class=\"elementor-widget-wrap elementor-element-populated\">\n\t\t\t\t\t\t<div class=\"elementor-element elementor-element-0002ae3 elementor-widget elementor-widget-heading\" data-id=\"0002ae3\" data-element_type=\"widget\" data-widget_type=\"heading.default\">\n\t\t\t\t<div class=\"elementor-widget-container\">\n\t\t\t\t\t<h2 class=\"elementor-heading-title elementor-size-default\">Le cheval dans la tradition Celte<\/h2>\t\t\t\t<\/div>\n\t\t\t\t<\/div>\n\t\t\t\t<div class=\"elementor-element elementor-element-b1fb52d elementor-widget elementor-widget-text-editor\" data-id=\"b1fb52d\" data-element_type=\"widget\" data-widget_type=\"text-editor.default\">\n\t\t\t\t<div class=\"elementor-widget-container\">\n\t\t\t\t\t\t\t\t\t<p>De tout temps et \u00e0 tout \u00e2ge, <b>le cheval<\/b> a eu une place \u00e0 part <b>aupr\u00e8s des hommes<\/b>.<\/p><p>Cr\u00e9atures mythique et mystique par excellence, il repr\u00e9sente dans certaines culture un animal sacr\u00e9, dans d&rsquo;autres un moyen de voyager entre les mondes.<\/p><p>Liath Macha, Dub Sainglend, Roi Marc&rsquo;h, parmis tant d&rsquo;autres, sont des exemples de chevaux de la tradition Celte qui ont une relation particuli\u00e8re avec l&rsquo;homme, le roi, la divinit\u00e9.\u00a0<\/p>\t\t\t\t\t\t\t\t<\/div>\n\t\t\t\t<\/div>\n\t\t\t\t<div class=\"elementor-element elementor-element-64dff95 elementor-widget elementor-widget-text-editor\" data-id=\"64dff95\" data-element_type=\"widget\" data-widget_type=\"text-editor.default\">\n\t\t\t\t<div class=\"elementor-widget-container\">\n\t\t\t\t\t\t\t\t\t<p>Ainsi dans la tradition Celte, l&rsquo;homme \u00e0 cheval est le symbole de l&rsquo;initi\u00e9 voyageant entre les mondes et ayant acc\u00e8s \u00e0 la m\u00e9decine de l&rsquo;invisible.<\/p>\t\t\t\t\t\t\t\t<\/div>\n\t\t\t\t<\/div>\n\t\t\t\t<div class=\"elementor-element elementor-element-17311d0 elementor-widget elementor-widget-heading\" data-id=\"17311d0\" data-element_type=\"widget\" data-widget_type=\"heading.default\">\n\t\t\t\t<div class=\"elementor-widget-container\">\n\t\t\t\t\t<h2 class=\"elementor-heading-title elementor-size-default\">D\u00e9opona<\/h2>\t\t\t\t<\/div>\n\t\t\t\t<\/div>\n\t\t\t\t<div class=\"elementor-element elementor-element-0bd705e elementor-widget elementor-widget-text-editor\" data-id=\"0bd705e\" data-element_type=\"widget\" data-widget_type=\"text-editor.default\">\n\t\t\t\t<div class=\"elementor-widget-container\">\n\t\t\t\t\t\t\t\t\t<p>En tant que th\u00e9rapeute D\u00e9opona, j&rsquo;ai \u00e9t\u00e9 initi\u00e9 \u00e0 cette pratique de l&rsquo;homme \u00e0 cheval.<\/p><p>Je procure des soins et equi-coaching.<\/p>\t\t\t\t\t\t\t\t<\/div>\n\t\t\t\t<\/div>\n\t\t\t\t<div class=\"elementor-element elementor-element-e1c166e elementor-widget elementor-widget-text-editor\" data-id=\"e1c166e\" data-element_type=\"widget\" data-widget_type=\"text-editor.default\">\n\t\t\t\t<div class=\"elementor-widget-container\">\n\t\t\t\t\t\t\t\t\t<p>Cette puissante connexion avec le cheval lors des soins permet des\u00a0<span style=\"font-weight: var( --e-global-typography-text-font-weight );\">fortes\u00a0<\/span>lib\u00e9rations parfois spectaculaires.<\/p>\t\t\t\t\t\t\t\t<\/div>\n\t\t\t\t<\/div>\n\t\t\t\t<div class=\"elementor-element elementor-element-3eed133 elementor-widget elementor-widget-spacer\" data-id=\"3eed133\" data-element_type=\"widget\" data-widget_type=\"spacer.default\">\n\t\t\t\t<div class=\"elementor-widget-container\">\n\t\t\t\t\t\t\t<div class=\"elementor-spacer\">\n\t\t\t<div class=\"elementor-spacer-inner\"><\/div>\n\t\t<\/div>\n\t\t\t\t\t\t<\/div>\n\t\t\t\t<\/div>\n\t\t\t\t<div class=\"elementor-element elementor-element-24b6912 elementor-widget elementor-widget-heading\" data-id=\"24b6912\" data-element_type=\"widget\" data-widget_type=\"heading.default\">\n\t\t\t\t<div class=\"elementor-widget-container\">\n\t\t\t\t\t<h2 class=\"elementor-heading-title elementor-size-default\">Choisissez votre type de rendez-vous<\/h2>\t\t\t\t<\/div>\n\t\t\t\t<\/div>\n\t\t\t\t\t<\/div>\n\t\t<\/div>\n\t\t\t\t\t<\/div>\n\t\t<\/section>\n\t\t\t\t<section class=\"elementor-section elementor-top-section elementor-element elementor-element-6f3934e elementor-section-boxed elementor-section-height-default elementor-section-height-default\" data-id=\"6f3934e\" data-element_type=\"section\">\n\t\t\t\t\t\t<div class=\"elementor-container elementor-column-gap-default\">\n\t\t\t\t\t<div class=\"elementor-column elementor-col-33 elementor-top-column elementor-element elementor-element-e142d6c\" data-id=\"e142d6c\" data-element_type=\"column\">\n\t\t\t<div class=\"elementor-widget-wrap\">\n\t\t\t\t\t\t\t<\/div>\n\t\t<\/div>\n\t\t\t\t<div class=\"elementor-column elementor-col-33 elementor-top-column elementor-element elementor-element-94a1034\" data-id=\"94a1034\" data-element_type=\"column\">\n\t\t\t<div class=\"elementor-widget-wrap elementor-element-populated\">\n\t\t\t\t\t\t<div class=\"elementor-element elementor-element-c5e6eb5 elementor-view-default elementor-position-top elementor-mobile-position-top elementor-widget elementor-widget-icon-box\" data-id=\"c5e6eb5\" data-element_type=\"widget\" data-widget_type=\"icon-box.default\">\n\t\t\t\t<div class=\"elementor-widget-container\">\n\t\t\t\t\t\t\t<div class=\"elementor-icon-box-wrapper\">\n\n\t\t\t\t\t\t<div class=\"elementor-icon-box-icon\">\n\t\t\t\t<span  class=\"elementor-icon\">\n\t\t\t\t<i aria-hidden=\"true\" class=\"fas fa-horse-head\"><\/i>\t\t\t\t<\/span>\n\t\t\t<\/div>\n\t\t\t\n\t\t\t\t\t\t<div class=\"elementor-icon-box-content\">\n\n\t\t\t\t\t\t\t\t\t<h3 class=\"elementor-icon-box-title\">\n\t\t\t\t\t\t<span  >\n\t\t\t\t\t\t\tEqui-Coaching\t\t\t\t\t\t<\/span>\n\t\t\t\t\t<\/h3>\n\t\t\t\t\n\t\t\t\t\t\t\t\t\t<p class=\"elementor-icon-box-description\">\n\t\t\t\t\t\tL'approche en \u00e9qui-coaching va permettre d'aborder divers probl\u00e9matiques et objectifs que vous souhaitez ateindre.\t\t\t\t\t<\/p>\n\t\t\t\t\n\t\t\t<\/div>\n\t\t\t\n\t\t<\/div>\n\t\t\t\t\t\t<\/div>\n\t\t\t\t<\/div>\n\t\t\t\t\t<\/div>\n\t\t<\/div>\n\t\t\t\t<div class=\"elementor-column elementor-col-33 elementor-top-column elementor-element elementor-element-854fc92\" data-id=\"854fc92\" data-element_type=\"column\">\n\t\t\t<div class=\"elementor-widget-wrap\">\n\t\t\t\t\t\t\t<\/div>\n\t\t<\/div>\n\t\t\t\t\t<\/div>\n\t\t<\/section>\n\t\t\t\t<section class=\"elementor-section elementor-top-section elementor-element elementor-element-73139a1 elementor-section-boxed elementor-section-height-default elementor-section-height-default\" data-id=\"73139a1\" data-element_type=\"section\">\n\t\t\t\t\t\t<div class=\"elementor-container elementor-column-gap-default\">\n\t\t\t\t\t<div class=\"elementor-column elementor-col-100 elementor-top-column elementor-element elementor-element-f38cf3c\" data-id=\"f38cf3c\" data-element_type=\"column\">\n\t\t\t<div class=\"elementor-widget-wrap elementor-element-populated\">\n\t\t\t\t\t\t<div class=\"elementor-element elementor-element-d0746b7 elementor-widget elementor-widget-spacer\" data-id=\"d0746b7\" data-element_type=\"widget\" data-widget_type=\"spacer.default\">\n\t\t\t\t<div class=\"elementor-widget-container\">\n\t\t\t\t\t\t\t<div class=\"elementor-spacer\">\n\t\t\t<div class=\"elementor-spacer-inner\"><\/div>\n\t\t<\/div>\n\t\t\t\t\t\t<\/div>\n\t\t\t\t<\/div>\n\t\t\t\t<div class=\"elementor-element elementor-element-2fc9b7d elementor-widget elementor-widget-text-editor\" data-id=\"2fc9b7d\" data-element_type=\"widget\" data-widget_type=\"text-editor.default\">\n\t\t\t\t<div class=\"elementor-widget-container\">\n\t\t\t\t\t\t\t\t\t<p>YEGroup propose en plus du coaching \u00ab\u00a0conventionnel\u00a0\u00bb, de l&rsquo;\u00e9qui-coaching en collaboration avec\u00a0<a href=\"https:\/\/www.pandp.be\/\" target=\"_blank\" rel=\"noopener\">l&rsquo;asbl PandP<\/a>\u00a0.<\/p>\t\t\t\t\t\t\t\t<\/div>\n\t\t\t\t<\/div>\n\t\t\t\t<div class=\"elementor-element elementor-element-f1f405d elementor-widget elementor-widget-heading\" data-id=\"f1f405d\" data-element_type=\"widget\" data-widget_type=\"heading.default\">\n\t\t\t\t<div class=\"elementor-widget-container\">\n\t\t\t\t\t<h2 class=\"elementor-heading-title elementor-size-default\">Le cheval, r\u00e9v\u00e9lateur de notre non verbale et de nos \u00e9motions.<\/h2>\t\t\t\t<\/div>\n\t\t\t\t<\/div>\n\t\t\t\t<section class=\"elementor-section elementor-inner-section elementor-element elementor-element-410b50f elementor-section-boxed elementor-section-height-default elementor-section-height-default\" data-id=\"410b50f\" data-element_type=\"section\">\n\t\t\t\t\t\t<div class=\"elementor-container elementor-column-gap-default\">\n\t\t\t\t\t<div class=\"elementor-column elementor-col-50 elementor-inner-column elementor-element elementor-element-47cc5a0\" data-id=\"47cc5a0\" data-element_type=\"column\">\n\t\t\t<div class=\"elementor-widget-wrap elementor-element-populated\">\n\t\t\t\t\t\t<div class=\"elementor-element elementor-element-eae3acb elementor-widget elementor-widget-text-editor\" data-id=\"eae3acb\" data-element_type=\"widget\" data-widget_type=\"text-editor.default\">\n\t\t\t\t<div class=\"elementor-widget-container\">\n\t\t\t\t\t\t\t\t\t<p>La communication non verbale repr\u00e9sente 90% de notre communication.<\/p><p>Le cheval a la capacit\u00e9 de percevoir les moindres signaux non verbaux qui indiquent si oui ou non il est en s\u00e9curit\u00e9 dans son environnement. Pour faire confiance et coop\u00e9rer, le cheval doit sentir que la communication de l\u2019homme est appropri\u00e9e. Il nous permet alors de prendre conscience de notre non verbale et de la congruence avec nos propos.<\/p><p>Le cheval ne suivra nos directives uniquement si nous lui donnons l\u2019envie de coop\u00e9rer.\u00a0 Il r\u00e9pond imm\u00e9diatement dans l\u2019exercice de l\u2019autorit\u00e9 ou de l\u2019influence.<\/p>\t\t\t\t\t\t\t\t<\/div>\n\t\t\t\t<\/div>\n\t\t\t\t\t<\/div>\n\t\t<\/div>\n\t\t\t\t<div class=\"elementor-column elementor-col-50 elementor-inner-column elementor-element elementor-element-7a00af2\" data-id=\"7a00af2\" data-element_type=\"column\">\n\t\t\t<div class=\"elementor-widget-wrap elementor-element-populated\">\n\t\t\t\t\t\t<div class=\"elementor-element elementor-element-9924337 elementor-widget elementor-widget-text-editor\" data-id=\"9924337\" data-element_type=\"widget\" data-widget_type=\"text-editor.default\">\n\t\t\t\t<div class=\"elementor-widget-container\">\n\t\t\t\t\t\t\t\t\t<p>Le cheval est un \u00eatre dot\u00e9 d&rsquo;une hypersensibilit\u00e9.<\/p><p>il d\u00e9tecte vos \u00e9motions avant que vous n&rsquo;en ayez conscience. Il ne triche pas et n\u2019\u00e9labore pas de strat\u00e9gie. Il d\u00e9tecte des signaux chez l\u2019humain mais ne peut \u00eatre ni manipul\u00e9 ni influenc\u00e9. Le cheval ne croit pas, il se souvient, il r\u00e9agit, il vit dans l\u2019imm\u00e9diatet\u00e9 de ses besoins et n\u2019int\u00e8gre pas la dimension affective de l\u2019humain.\u00a0<\/p>\t\t\t\t\t\t\t\t<\/div>\n\t\t\t\t<\/div>\n\t\t\t\t\t<\/div>\n\t\t<\/div>\n\t\t\t\t\t<\/div>\n\t\t<\/section>\n\t\t\t\t<div class=\"elementor-element elementor-element-ec92db9 elementor-widget elementor-widget-text-editor\" data-id=\"ec92db9\" data-element_type=\"widget\" data-widget_type=\"text-editor.default\">\n\t\t\t\t<div class=\"elementor-widget-container\">\n\t\t\t\t\t\t\t\t\t<blockquote><p>Seule la r\u00e9alit\u00e9 de la situation compte, il ne peut donner sa confiance sans avoir au pr\u00e9alable identifi\u00e9 l\u2019autre comme \u00e9tant non pr\u00e9dateur et digne de respect.<\/p><\/blockquote>\t\t\t\t\t\t\t\t<\/div>\n\t\t\t\t<\/div>\n\t\t\t\t\t<\/div>\n\t\t<\/div>\n\t\t\t\t\t<\/div>\n\t\t<\/section>\n\t\t\t\t<\/div>\n\t\t","protected":false},"excerpt":{"rendered":"<p>Le cheval dans la tradition Celte De tout temps et \u00e0 tout \u00e2ge, le cheval a eu une place \u00e0 part aupr\u00e8s des hommes. Cr\u00e9atures mythique et mystique par excellence, il repr\u00e9sente dans certaines culture un animal sacr\u00e9, dans d&rsquo;autres un moyen de voyager entre les mondes. Liath Macha, Dub Sainglend, Roi Marc&rsquo;h, parmis tant [&hellip;]<\/p>\n","protected":false},"author":1,"featured_media":0,"parent":0,"menu_order":0,"comment_status":"closed","ping_status":"closed","template":"","meta":{"_exactmetrics_skip_tracking":false,"_exactmetrics_sitenote_active":false,"_exactmetrics_sitenote_note":"","_exactmetrics_sitenote_category":0,"footnotes":""},"class_list":["post-109","page","type-page","status-publish","hentry"],"_links":{"self":[{"href":"https:\/\/www.yegroup.be\/index.php\/wp-json\/wp\/v2\/pages\/109","targetHints":{"allow":["GET"]}}],"collection":[{"href":"https:\/\/www.yegroup.be\/index.php\/wp-json\/wp\/v2\/pages"}],"about":[{"href":"https:\/\/www.yegroup.be\/index.php\/wp-json\/wp\/v2\/types\/page"}],"author":[{"embeddable":true,"href":"https:\/\/www.yegroup.be\/index.php\/wp-json\/wp\/v2\/users\/1"}],"replies":[{"embeddable":true,"href":"https:\/\/www.yegroup.be\/index.php\/wp-json\/wp\/v2\/comments?post=109"}],"version-history":[{"count":24,"href":"https:\/\/www.yegroup.be\/index.php\/wp-json\/wp\/v2\/pages\/109\/revisions"}],"predecessor-version":[{"id":282,"href":"https:\/\/www.yegroup.be\/index.php\/wp-json\/wp\/v2\/pages\/109\/revisions\/282"}],"wp:attachment":[{"href":"https:\/\/www.yegroup.be\/index.php\/wp-json\/wp\/v2\/media?parent=109"}],"curies":[{"name":"wp","href":"https:\/\/api.w.org\/{rel}","templated":true}]}}