{"id":252,"date":"2023-08-18T14:42:05","date_gmt":"2023-08-18T12:42:05","guid":{"rendered":"https:\/\/www.yegroup.be\/?page_id=252"},"modified":"2023-08-18T15:08:00","modified_gmt":"2023-08-18T13:08:00","slug":"larchitecture-metier","status":"publish","type":"page","link":"https:\/\/www.yegroup.be\/index.php\/larchitecture-metier\/","title":{"rendered":"L&rsquo;architecture m\u00e9tier"},"content":{"rendered":"\t\t<div data-elementor-type=\"wp-page\" data-elementor-id=\"252\" class=\"elementor elementor-252\">\n\t\t\t\t\t\t<section class=\"elementor-section elementor-top-section elementor-element elementor-element-05a2fbb elementor-section-boxed elementor-section-height-default elementor-section-height-default\" data-id=\"05a2fbb\" data-element_type=\"section\">\n\t\t\t\t\t\t<div class=\"elementor-container elementor-column-gap-default\">\n\t\t\t\t\t<div class=\"elementor-column elementor-col-100 elementor-top-column elementor-element elementor-element-d4ef57b\" data-id=\"d4ef57b\" data-element_type=\"column\">\n\t\t\t<div class=\"elementor-widget-wrap elementor-element-populated\">\n\t\t\t\t\t\t<div class=\"elementor-element elementor-element-9d595e9 elementor-widget elementor-widget-heading\" data-id=\"9d595e9\" data-element_type=\"widget\" data-widget_type=\"heading.default\">\n\t\t\t\t<div class=\"elementor-widget-container\">\n\t\t\t\t\t<h2 class=\"elementor-heading-title elementor-size-default\">Pourquoi faire appel \u00e0 un architecte m\u00e9tier ?<\/h2>\t\t\t\t<\/div>\n\t\t\t\t<\/div>\n\t\t\t\t<div class=\"elementor-element elementor-element-2240080 elementor-widget elementor-widget-text-editor\" data-id=\"2240080\" data-element_type=\"widget\" data-widget_type=\"text-editor.default\">\n\t\t\t\t<div class=\"elementor-widget-container\">\n\t\t\t\t\t\t\t\t\t<p style=\"text-align: center;\">Ma vision de l\u2019architecture d\u2019entreprise est d\u2019<b>accompagner<\/b> le management \u00e0 <b>optimiser les couts de production<\/b>, le <b>temps de travail<\/b> et <strong>am\u00e9liorer la qualit\u00e9 de vie<\/strong> au travail.<\/p>\t\t\t\t\t\t\t\t<\/div>\n\t\t\t\t<\/div>\n\t\t\t\t<div class=\"elementor-element elementor-element-fe684ee elementor-widget elementor-widget-heading\" data-id=\"fe684ee\" data-element_type=\"widget\" data-widget_type=\"heading.default\">\n\t\t\t\t<div class=\"elementor-widget-container\">\n\t\t\t\t\t<h2 class=\"elementor-heading-title elementor-size-default\">Comment y arriver ?<\/h2>\t\t\t\t<\/div>\n\t\t\t\t<\/div>\n\t\t\t\t<section class=\"elementor-section elementor-inner-section elementor-element elementor-element-92d66eb elementor-section-boxed elementor-section-height-default elementor-section-height-default\" data-id=\"92d66eb\" data-element_type=\"section\">\n\t\t\t\t\t\t<div class=\"elementor-container elementor-column-gap-default\">\n\t\t\t\t\t<div class=\"elementor-column elementor-col-25 elementor-inner-column elementor-element elementor-element-0bb6810\" data-id=\"0bb6810\" data-element_type=\"column\">\n\t\t\t<div class=\"elementor-widget-wrap\">\n\t\t\t\t\t\t\t<\/div>\n\t\t<\/div>\n\t\t\t\t<div class=\"elementor-column elementor-col-50 elementor-inner-column elementor-element elementor-element-524389d\" data-id=\"524389d\" data-element_type=\"column\">\n\t\t\t<div class=\"elementor-widget-wrap elementor-element-populated\">\n\t\t\t\t\t\t<div class=\"elementor-element elementor-element-b3d0266 elementor-widget elementor-widget-text-editor\" data-id=\"b3d0266\" data-element_type=\"widget\" data-widget_type=\"text-editor.default\">\n\t\t\t\t<div class=\"elementor-widget-container\">\n\t\t\t\t\t\t\t\t\t<p>Les objectifs d\u2019une entreprise sont atteints, ou pas (lol &#8211; mais ce fait est tr\u00e8s important) par des processus mis en place au sein de l\u2019entreprise.<\/p><p>Ces processus manipulent des donn\u00e9es (in\/out) et sont ex\u00e9cut\u00e9s\/support\u00e9s par des ressources (humaines, applicatives, mat\u00e9riel, financi\u00e8res, etc.) sous la responsabilit\u00e9 d&rsquo;une hi\u00e9rarchie..\u00a0<\/p><p>Ces 4 notions\u00a0<span style=\"font-weight: var( --e-global-typography-text-font-weight );\">regroupant dont l&rsquo;organisation hi\u00e9rarchique, les processus, l&rsquo;information et les ressources forment\u00a0<\/span>ce qu\u2019on appelle une capacit\u00e9 m\u00e9tier.<\/p><p>Le travail d\u2019identification et de cat\u00e9gorisation de ces capacit\u00e9s m\u00e9tier permet d&rsquo;identifier tr\u00e8s t\u00f4t des points d\u2019am\u00e9lioration de l\u2019organisation et des opportunit\u00e9s nouvelles qui pourraient \u00eatre mises en place au sein de cette m\u00eame organisation.<\/p><p>Ensuite on va identifier les interactions existantes entre les diff\u00e9rentes activit\u00e9s, ce qui permettra de fluidifier la circulation des donn\u00e9es, des mati\u00e8res, des produits dans les \u00e9changes internes \u00e0 l\u2019organisation et externes (fournisseurs et clients).<\/p><p>Tout ce travail d\u2019identification est cartographi\u00e9 et r\u00e9pertori\u00e9 par l&rsquo;architecte m\u00e9tier accompagn\u00e9 ou non par une \u00e9quipe d&rsquo;analystes m\u00e9tier.<\/p><p>\u00a0<\/p>\t\t\t\t\t\t\t\t<\/div>\n\t\t\t\t<\/div>\n\t\t\t\t\t<\/div>\n\t\t<\/div>\n\t\t\t\t<div class=\"elementor-column elementor-col-25 elementor-inner-column elementor-element elementor-element-0cefaf3\" data-id=\"0cefaf3\" data-element_type=\"column\">\n\t\t\t<div class=\"elementor-widget-wrap\">\n\t\t\t\t\t\t\t<\/div>\n\t\t<\/div>\n\t\t\t\t\t<\/div>\n\t\t<\/section>\n\t\t\t\t\t<\/div>\n\t\t<\/div>\n\t\t\t\t\t<\/div>\n\t\t<\/section>\n\t\t\t\t<section class=\"elementor-section elementor-top-section elementor-element elementor-element-6b84f16 elementor-section-boxed elementor-section-height-default elementor-section-height-default\" data-id=\"6b84f16\" data-element_type=\"section\">\n\t\t\t\t\t\t<div class=\"elementor-container elementor-column-gap-default\">\n\t\t\t\t\t<div class=\"elementor-column elementor-col-100 elementor-top-column elementor-element elementor-element-b80282e\" data-id=\"b80282e\" data-element_type=\"column\">\n\t\t\t<div class=\"elementor-widget-wrap elementor-element-populated\">\n\t\t\t\t\t\t<div class=\"elementor-element elementor-element-4b1bef2 elementor-widget elementor-widget-heading\" data-id=\"4b1bef2\" data-element_type=\"widget\" data-widget_type=\"heading.default\">\n\t\t\t\t<div class=\"elementor-widget-container\">\n\t\t\t\t\t<h2 class=\"elementor-heading-title elementor-size-default\">A qui b\u00e9n\u00e9ficie le travail de l'architecte m\u00e9tier<\/h2>\t\t\t\t<\/div>\n\t\t\t\t<\/div>\n\t\t\t\t<section class=\"elementor-section elementor-inner-section elementor-element elementor-element-4aa4a74 elementor-section-boxed elementor-section-height-default elementor-section-height-default\" data-id=\"4aa4a74\" data-element_type=\"section\">\n\t\t\t\t\t\t<div class=\"elementor-container elementor-column-gap-default\">\n\t\t\t\t\t<div class=\"elementor-column elementor-col-25 elementor-inner-column elementor-element elementor-element-e549542\" data-id=\"e549542\" data-element_type=\"column\">\n\t\t\t<div class=\"elementor-widget-wrap\">\n\t\t\t\t\t\t\t<\/div>\n\t\t<\/div>\n\t\t\t\t<div class=\"elementor-column elementor-col-50 elementor-inner-column elementor-element elementor-element-d9573ce\" data-id=\"d9573ce\" data-element_type=\"column\">\n\t\t\t<div class=\"elementor-widget-wrap elementor-element-populated\">\n\t\t\t\t\t\t<div class=\"elementor-element elementor-element-a221913 elementor-widget elementor-widget-text-editor\" data-id=\"a221913\" data-element_type=\"widget\" data-widget_type=\"text-editor.default\">\n\t\t\t\t<div class=\"elementor-widget-container\">\n\t\t\t\t\t\t\t\t\t<p>Ce travail ainsi r\u00e9alis\u00e9\u00a0sera utilis\u00e9 par le top management pour :<\/p><ul><li>Identifier certains axes de la prochaine strat\u00e9gie \u00e0 court, moyen et long terme de l&rsquo;entreprise .<\/li><li>Identifier et lancer les programmes de projets.<\/li><li>Identifier les r\u00e9organisations n\u00e9cessaires.<\/li><li>Prendre des mesures concr\u00e8tes pour atteindre les objectifs de l\u2019organisation.<\/li><li>Etc.<\/li><\/ul><p>Il sera utilis\u00e9 par les d\u00e9partements\/services pour :<\/p><ul><li>Internaliser, centraliser et partager la connaissance de leur propre fonctionnement (processus, informations, r\u00e8gles m\u00e9tiers, qui fait quoi, etc.).<\/li><li>Gr\u00e2ce \u00e0 une vision claire, pouvoir optimiser leur propre fonctionnement.<\/li><li>Identifier leurs points de faiblesses \/ blocages (flux d\u2019information, automatisation, digitalisation, etc.)<\/li><\/ul><p>Il sera particuli\u00e8rement utilis\u00e9 par l&rsquo;architecte d&rsquo;entreprise pour :<\/p><ul><li>Structurer le paysage d&rsquo;urbanisation du SI (syst\u00e8me d&rsquo;Information) de l&rsquo;entreprise.<\/li><li>Il d\u00e9coupera une capacit\u00e9 m\u00e9tier bien identifi\u00e9e \u00e0 un niveau granulaire tels qu&rsquo;il pourra structurer son SI en modules de micro service. Ceci permettant d&rsquo;optimiser les couts de production et d&rsquo;affiner les estimations de projets informatique.<\/li><\/ul>\t\t\t\t\t\t\t\t<\/div>\n\t\t\t\t<\/div>\n\t\t\t\t\t<\/div>\n\t\t<\/div>\n\t\t\t\t<div class=\"elementor-column elementor-col-25 elementor-inner-column elementor-element elementor-element-d7650d5\" data-id=\"d7650d5\" data-element_type=\"column\">\n\t\t\t<div class=\"elementor-widget-wrap\">\n\t\t\t\t\t\t\t<\/div>\n\t\t<\/div>\n\t\t\t\t\t<\/div>\n\t\t<\/section>\n\t\t\t\t\t<\/div>\n\t\t<\/div>\n\t\t\t\t\t<\/div>\n\t\t<\/section>\n\t\t\t\t<\/div>\n\t\t","protected":false},"excerpt":{"rendered":"<p>Pourquoi faire appel \u00e0 un architecte m\u00e9tier ? Ma vision de l\u2019architecture d\u2019entreprise est d\u2019accompagner le management \u00e0 optimiser les couts de production, le temps de travail et am\u00e9liorer la qualit\u00e9 de vie au travail. Comment y arriver ? Les objectifs d\u2019une entreprise sont atteints, ou pas (lol &#8211; mais ce fait est tr\u00e8s important) [&hellip;]<\/p>\n","protected":false},"author":1,"featured_media":0,"parent":0,"menu_order":0,"comment_status":"closed","ping_status":"closed","template":"","meta":{"_exactmetrics_skip_tracking":false,"_exactmetrics_sitenote_active":false,"_exactmetrics_sitenote_note":"","_exactmetrics_sitenote_category":0,"footnotes":""},"class_list":["post-252","page","type-page","status-publish","hentry"],"_links":{"self":[{"href":"https:\/\/www.yegroup.be\/index.php\/wp-json\/wp\/v2\/pages\/252","targetHints":{"allow":["GET"]}}],"collection":[{"href":"https:\/\/www.yegroup.be\/index.php\/wp-json\/wp\/v2\/pages"}],"about":[{"href":"https:\/\/www.yegroup.be\/index.php\/wp-json\/wp\/v2\/types\/page"}],"author":[{"embeddable":true,"href":"https:\/\/www.yegroup.be\/index.php\/wp-json\/wp\/v2\/users\/1"}],"replies":[{"embeddable":true,"href":"https:\/\/www.yegroup.be\/index.php\/wp-json\/wp\/v2\/comments?post=252"}],"version-history":[{"count":13,"href":"https:\/\/www.yegroup.be\/index.php\/wp-json\/wp\/v2\/pages\/252\/revisions"}],"predecessor-version":[{"id":266,"href":"https:\/\/www.yegroup.be\/index.php\/wp-json\/wp\/v2\/pages\/252\/revisions\/266"}],"wp:attachment":[{"href":"https:\/\/www.yegroup.be\/index.php\/wp-json\/wp\/v2\/media?parent=252"}],"curies":[{"name":"wp","href":"https:\/\/api.w.org\/{rel}","templated":true}]}}